{"id":237,"date":"2024-10-06T15:12:42","date_gmt":"2024-10-06T15:12:42","guid":{"rendered":"https:\/\/magnamarianajerez.com\/?page_id=237"},"modified":"2024-10-06T15:15:16","modified_gmt":"2024-10-06T15:15:16","slug":"itinerario-oficial","status":"publish","type":"page","link":"https:\/\/magnamarianajerez.com\/?page_id=237","title":{"rendered":"ITINERARIO OFICIAL"},"content":{"rendered":"\n<p>El itinerario oficial de la Procesi\u00f3n Magna dar\u00e1 comienzo en la Plaza de la Asunci\u00f3n  y finalizar\u00e1 en la Plaza del Mamel\u00f3n justo a la altura de la calle Eguiluz. <\/p>\n\n\n\n<p>En concreto el itinerario toma las siguientes calles: Plaza de la Asunci\u00f3n, Angostillo de San Dionisio, Plaza de la Yerba, Consistorio, Plaza del Arenal, Lancer\u00eda, Larga, Alameda Cristina y Sevilla, lo que supone un total de 1,08 kil\u00f3metros.<\/p>\n\n\n\n<figure class=\"wp-block-image aligncenter size-large\"><img loading=\"lazy\" decoding=\"async\" width=\"676\" height=\"1024\" src=\"https:\/\/magnamarianajerez.com\/wp-content\/uploads\/2024\/10\/planocarreraoficial-676x1024.gif\" alt=\"\" class=\"wp-image-238\" srcset=\"https:\/\/magnamarianajerez.com\/wp-content\/uploads\/2024\/10\/planocarreraoficial-676x1024.gif 676w, https:\/\/magnamarianajerez.com\/wp-content\/uploads\/2024\/10\/planocarreraoficial-198x300.gif 198w, https:\/\/magnamarianajerez.com\/wp-content\/uploads\/2024\/10\/planocarreraoficial-768x1163.gif 768w\" sizes=\"auto, (max-width: 676px) 100vw, 676px\" \/><\/figure>\n","protected":false},"excerpt":{"rendered":"<p>El itinerario oficial de la Procesi\u00f3n Magna dar\u00e1 comienzo en la Plaza de la Asunci\u00f3n y finalizar\u00e1 en la Plaza del Mamel\u00f3n justo a la altura de la calle Eguiluz. En concreto el itinerario toma las siguientes calles: Plaza de la Asunci\u00f3n, Angostillo de San Dionisio, Plaza de la Yerba, Consistorio, Plaza del Arenal, Lancer\u00eda, [&hellip;]<\/p>\n","protected":false},"author":1,"featured_media":0,"parent":0,"menu_order":0,"comment_status":"closed","ping_status":"closed","template":"","meta":{"footnotes":""},"class_list":["post-237","page","type-page","status-publish","hentry"],"jetpack_sharing_enabled":true,"_links":{"self":[{"href":"https:\/\/magnamarianajerez.com\/index.php?rest_route=\/wp\/v2\/pages\/237","targetHints":{"allow":["GET"]}}],"collection":[{"href":"https:\/\/magnamarianajerez.com\/index.php?rest_route=\/wp\/v2\/pages"}],"about":[{"href":"https:\/\/magnamarianajerez.com\/index.php?rest_route=\/wp\/v2\/types\/page"}],"author":[{"embeddable":true,"href":"https:\/\/magnamarianajerez.com\/index.php?rest_route=\/wp\/v2\/users\/1"}],"replies":[{"embeddable":true,"href":"https:\/\/magnamarianajerez.com\/index.php?rest_route=%2Fwp%2Fv2%2Fcomments&post=237"}],"version-history":[{"count":2,"href":"https:\/\/magnamarianajerez.com\/index.php?rest_route=\/wp\/v2\/pages\/237\/revisions"}],"predecessor-version":[{"id":241,"href":"https:\/\/magnamarianajerez.com\/index.php?rest_route=\/wp\/v2\/pages\/237\/revisions\/241"}],"wp:attachment":[{"href":"https:\/\/magnamarianajerez.com\/index.php?rest_route=%2Fwp%2Fv2%2Fmedia&parent=237"}],"curies":[{"name":"wp","href":"https:\/\/api.w.org\/{rel}","templated":true}]}}