{"id":242,"date":"2024-10-06T15:38:30","date_gmt":"2024-10-06T15:38:30","guid":{"rendered":"https:\/\/magnamarianajerez.com\/?page_id=242"},"modified":"2024-10-17T21:26:22","modified_gmt":"2024-10-17T21:26:22","slug":"actividades-paralelas","status":"publish","type":"page","link":"https:\/\/magnamarianajerez.com\/?page_id=242","title":{"rendered":"Actividades Paralelas"},"content":{"rendered":"\n<h2 class=\"wp-block-heading has-text-align-center\"> EXPOSICI\u00d3N FOTOGR\u00c1FICA: <br>\u00abTODO UN DIOS SE RECREA\u00bb  Y \u00abVIRGO VENERADA\u00bb<\/h2>\n\n\n\n<figure class=\"wp-block-image size-large\"><img loading=\"lazy\" decoding=\"async\" width=\"1024\" height=\"1024\" src=\"https:\/\/magnamarianajerez.com\/wp-content\/uploads\/2024\/10\/TODOUNDIOSERECREAR-1024x1024.jpg\" alt=\"\" class=\"wp-image-243\" srcset=\"https:\/\/magnamarianajerez.com\/wp-content\/uploads\/2024\/10\/TODOUNDIOSERECREAR-1024x1024.jpg 1024w, https:\/\/magnamarianajerez.com\/wp-content\/uploads\/2024\/10\/TODOUNDIOSERECREAR-300x300.jpg 300w, https:\/\/magnamarianajerez.com\/wp-content\/uploads\/2024\/10\/TODOUNDIOSERECREAR-150x150.jpg 150w, https:\/\/magnamarianajerez.com\/wp-content\/uploads\/2024\/10\/TODOUNDIOSERECREAR-768x768.jpg 768w, https:\/\/magnamarianajerez.com\/wp-content\/uploads\/2024\/10\/TODOUNDIOSERECREAR-1536x1536.jpg 1536w, https:\/\/magnamarianajerez.com\/wp-content\/uploads\/2024\/10\/TODOUNDIOSERECREAR.jpg 1600w\" sizes=\"auto, (max-width: 1024px) 100vw, 1024px\" \/><\/figure>\n\n\n\n<p><\/p>\n\n\n\n<h2 class=\"wp-block-heading has-text-align-center\">BESAMANOS EXTRAORDINARIOS<\/h2>\n\n\n\n<p class=\"has-text-align-center\">NUESTRA MADRE Y SE\u00d1ORA DE LA TRINIDAD<br>Iglesia de la Trinidad<\/p>\n\n\n\n<figure class=\"wp-block-image size-large\"><img loading=\"lazy\" decoding=\"async\" width=\"683\" height=\"1024\" src=\"https:\/\/magnamarianajerez.com\/wp-content\/uploads\/2024\/10\/TRINIDAD-683x1024.jpg\" alt=\"\" class=\"wp-image-246\" style=\"aspect-ratio:3\/2;object-fit:cover\" srcset=\"https:\/\/magnamarianajerez.com\/wp-content\/uploads\/2024\/10\/TRINIDAD-683x1024.jpg 683w, https:\/\/magnamarianajerez.com\/wp-content\/uploads\/2024\/10\/TRINIDAD-200x300.jpg 200w, https:\/\/magnamarianajerez.com\/wp-content\/uploads\/2024\/10\/TRINIDAD-768x1152.jpg 768w, https:\/\/magnamarianajerez.com\/wp-content\/uploads\/2024\/10\/TRINIDAD-1024x1536.jpg 1024w, https:\/\/magnamarianajerez.com\/wp-content\/uploads\/2024\/10\/TRINIDAD-1365x2048.jpg 1365w, https:\/\/magnamarianajerez.com\/wp-content\/uploads\/2024\/10\/TRINIDAD-scaled.jpg 1707w\" sizes=\"auto, (max-width: 683px) 100vw, 683px\" \/><\/figure>\n\n\n\n<p class=\"has-text-align-center\">Viernes 18 de octubre en horario de 9.30 a 21 horas.<br>S\u00e1bado 19 de octubre en horario de 9.30 a 13 horas.<\/p>\n\n\n\n<p class=\"has-text-align-center\">NUESTRA SE\u00d1ORA REINA DE LOS \u00c1NGELES<br>Convento de Capuchinos<\/p>\n\n\n\n<figure class=\"wp-block-image aligncenter size-large\"><img loading=\"lazy\" decoding=\"async\" width=\"684\" height=\"1024\" src=\"https:\/\/magnamarianajerez.com\/wp-content\/uploads\/2024\/10\/angeles-684x1024.jpg\" alt=\"\" class=\"wp-image-247\" style=\"aspect-ratio:3\/2;object-fit:cover\" srcset=\"https:\/\/magnamarianajerez.com\/wp-content\/uploads\/2024\/10\/angeles-684x1024.jpg 684w, https:\/\/magnamarianajerez.com\/wp-content\/uploads\/2024\/10\/angeles-200x300.jpg 200w, https:\/\/magnamarianajerez.com\/wp-content\/uploads\/2024\/10\/angeles-768x1150.jpg 768w, https:\/\/magnamarianajerez.com\/wp-content\/uploads\/2024\/10\/angeles-1025x1536.jpg 1025w, https:\/\/magnamarianajerez.com\/wp-content\/uploads\/2024\/10\/angeles-1367x2048.jpg 1367w, https:\/\/magnamarianajerez.com\/wp-content\/uploads\/2024\/10\/angeles-scaled.jpg 1709w\" sizes=\"auto, (max-width: 684px) 100vw, 684px\" \/><\/figure>\n\n\n\n<p class=\"has-text-align-center\">Viernes 18 de octubre en horario de 18 a 21 horas.<br>S\u00e1bado 19 de octubre en horario de 10 a 14 horas.<\/p>\n\n\n\n<h2 class=\"wp-block-heading has-text-align-center\">BANDO ANUNCIADOR<\/h2>\n\n\n\n<figure class=\"wp-block-image aligncenter size-large\"><img loading=\"lazy\" decoding=\"async\" width=\"1024\" height=\"641\" src=\"https:\/\/magnamarianajerez.com\/wp-content\/uploads\/2024\/10\/bando-1024x641.jpg\" alt=\"\" class=\"wp-image-253\" srcset=\"https:\/\/magnamarianajerez.com\/wp-content\/uploads\/2024\/10\/bando-1024x641.jpg 1024w, https:\/\/magnamarianajerez.com\/wp-content\/uploads\/2024\/10\/bando-300x188.jpg 300w, https:\/\/magnamarianajerez.com\/wp-content\/uploads\/2024\/10\/bando-768x481.jpg 768w, https:\/\/magnamarianajerez.com\/wp-content\/uploads\/2024\/10\/bando-1536x962.jpg 1536w, https:\/\/magnamarianajerez.com\/wp-content\/uploads\/2024\/10\/bando.jpg 2048w\" sizes=\"auto, (max-width: 1024px) 100vw, 1024px\" \/><\/figure>\n\n\n\n<h2 class=\"wp-block-heading has-text-align-center\">CONCIERTOS DE MARCHAS PROCESIONALES <\/h2>\n\n\n\n<p>S\u00e1bado 19 de Octubre <\/p>\n\n\n\n<p>10.30 horas Plaza del Arenal: Agrupaci\u00f3n Musical Sant\u00edsimo Cristo de la Clemencia<\/p>\n\n\n\n<p>11:45 horas Alameda del Banco: Banda de Cornetas y Tambores de la Caridad<\/p>\n\n\n\n<p>13:00 horas Calle Ancha: Agrupaci\u00f3n Musical San Juan <\/p>\n","protected":false},"excerpt":{"rendered":"<p>EXPOSICI\u00d3N FOTOGR\u00c1FICA: \u00abTODO UN DIOS SE RECREA\u00bb Y \u00abVIRGO VENERADA\u00bb BESAMANOS EXTRAORDINARIOS NUESTRA MADRE Y SE\u00d1ORA DE LA TRINIDADIglesia de la Trinidad Viernes 18 de octubre en horario de 9.30 a 21 horas.S\u00e1bado 19 de octubre en horario de 9.30 a 13 horas. NUESTRA SE\u00d1ORA REINA DE LOS \u00c1NGELESConvento de Capuchinos Viernes 18 de octubre [&hellip;]<\/p>\n","protected":false},"author":1,"featured_media":0,"parent":0,"menu_order":0,"comment_status":"closed","ping_status":"closed","template":"","meta":{"footnotes":""},"class_list":["post-242","page","type-page","status-publish","hentry"],"jetpack_sharing_enabled":true,"_links":{"self":[{"href":"https:\/\/magnamarianajerez.com\/index.php?rest_route=\/wp\/v2\/pages\/242","targetHints":{"allow":["GET"]}}],"collection":[{"href":"https:\/\/magnamarianajerez.com\/index.php?rest_route=\/wp\/v2\/pages"}],"about":[{"href":"https:\/\/magnamarianajerez.com\/index.php?rest_route=\/wp\/v2\/types\/page"}],"author":[{"embeddable":true,"href":"https:\/\/magnamarianajerez.com\/index.php?rest_route=\/wp\/v2\/users\/1"}],"replies":[{"embeddable":true,"href":"https:\/\/magnamarianajerez.com\/index.php?rest_route=%2Fwp%2Fv2%2Fcomments&post=242"}],"version-history":[{"count":5,"href":"https:\/\/magnamarianajerez.com\/index.php?rest_route=\/wp\/v2\/pages\/242\/revisions"}],"predecessor-version":[{"id":270,"href":"https:\/\/magnamarianajerez.com\/index.php?rest_route=\/wp\/v2\/pages\/242\/revisions\/270"}],"wp:attachment":[{"href":"https:\/\/magnamarianajerez.com\/index.php?rest_route=%2Fwp%2Fv2%2Fmedia&parent=242"}],"curies":[{"name":"wp","href":"https:\/\/api.w.org\/{rel}","templated":true}]}}