{"id":259,"date":"2024-10-16T09:40:33","date_gmt":"2024-10-16T09:40:33","guid":{"rendered":"https:\/\/magnamarianajerez.com\/?page_id=259"},"modified":"2024-10-16T09:40:33","modified_gmt":"2024-10-16T09:40:33","slug":"servicios-publicos","status":"publish","type":"page","link":"https:\/\/magnamarianajerez.com\/?page_id=259","title":{"rendered":"SERVICIOS P\u00daBLICOS"},"content":{"rendered":"\n<h2 class=\"wp-block-heading has-text-align-center\">PUESTOS DE EMERGENCIAS<\/h2>\n\n\n\n<p class=\"has-text-align-center\">Puesto 1: Zona Mamel\u00f3n.<br>Puesto 2: Zona Plaza Esteve<br>Centro de Salud: Situado en Jos\u00e9 Luis D\u00edez, 14<\/p>\n\n\n\n<p class=\"has-text-align-center\"><a href=\"https:\/\/www.google.com\/maps\/d\/u\/0\/edit?mid=1HjbtdBb02hsty1O0fdIlnoNBe7WWcqY&amp;usp=sharing\">HACER CLICK PARA VER UBICACIONES EN MAPA<\/a><\/p>\n\n\n\n<h2 class=\"wp-block-heading has-text-align-center\">ASEOS P\u00daBLICOS<\/h2>\n\n\n\n<p class=\"has-text-align-center\">Puesto 1: Tras Convento de Santo Domingo en Plaza Aladro<br>Puesto 2: Plaza Alfonso S\u00e1nchez Ferraj\u00f3n (Acceso desde calle Larga)<br>Puesto 3: Alameda del Banco<br>Puesto 4: Calle Paradas y Barreto (Junto al Mercado de Abastos en Plaza Esteve)<\/p>\n\n\n\n<p class=\"has-text-align-center\"><a href=\"https:\/\/www.google.com\/maps\/d\/u\/0\/edit?mid=1oOHJIy6Sr7UtpyDCPJQoy8tovhGaSKE&amp;usp=sharing\">HACER CLICK PARA VER UBICACIONES EN MAPA<\/a><\/p>\n","protected":false},"excerpt":{"rendered":"<p>PUESTOS DE EMERGENCIAS Puesto 1: Zona Mamel\u00f3n.Puesto 2: Zona Plaza EsteveCentro de Salud: Situado en Jos\u00e9 Luis D\u00edez, 14 HACER CLICK PARA VER UBICACIONES EN MAPA ASEOS P\u00daBLICOS Puesto 1: Tras Convento de Santo Domingo en Plaza AladroPuesto 2: Plaza Alfonso S\u00e1nchez Ferraj\u00f3n (Acceso desde calle Larga)Puesto 3: Alameda del BancoPuesto 4: Calle Paradas y [&hellip;]<\/p>\n","protected":false},"author":1,"featured_media":0,"parent":0,"menu_order":0,"comment_status":"closed","ping_status":"closed","template":"","meta":{"footnotes":""},"class_list":["post-259","page","type-page","status-publish","hentry"],"jetpack_sharing_enabled":true,"_links":{"self":[{"href":"https:\/\/magnamarianajerez.com\/index.php?rest_route=\/wp\/v2\/pages\/259","targetHints":{"allow":["GET"]}}],"collection":[{"href":"https:\/\/magnamarianajerez.com\/index.php?rest_route=\/wp\/v2\/pages"}],"about":[{"href":"https:\/\/magnamarianajerez.com\/index.php?rest_route=\/wp\/v2\/types\/page"}],"author":[{"embeddable":true,"href":"https:\/\/magnamarianajerez.com\/index.php?rest_route=\/wp\/v2\/users\/1"}],"replies":[{"embeddable":true,"href":"https:\/\/magnamarianajerez.com\/index.php?rest_route=%2Fwp%2Fv2%2Fcomments&post=259"}],"version-history":[{"count":1,"href":"https:\/\/magnamarianajerez.com\/index.php?rest_route=\/wp\/v2\/pages\/259\/revisions"}],"predecessor-version":[{"id":260,"href":"https:\/\/magnamarianajerez.com\/index.php?rest_route=\/wp\/v2\/pages\/259\/revisions\/260"}],"wp:attachment":[{"href":"https:\/\/magnamarianajerez.com\/index.php?rest_route=%2Fwp%2Fv2%2Fmedia&parent=259"}],"curies":[{"name":"wp","href":"https:\/\/api.w.org\/{rel}","templated":true}]}}